{"id":589,"date":"2021-12-10T12:06:04","date_gmt":"2021-12-10T12:06:04","guid":{"rendered":"http:\/\/www.visitczechowice.pl\/?page_id=589"},"modified":"2021-12-10T13:01:29","modified_gmt":"2021-12-10T13:01:29","slug":"kontakt","status":"publish","type":"page","link":"https:\/\/www.visitczechowice.pl\/sk\/kontakt\/","title":{"rendered":"Kontakt SK"},"content":{"rendered":"<p>[et_pb_section fb_built=&#8220;1&#8243; admin_label=&#8220;Header&#8220; _builder_version=&#8220;3.27.3&#8243; custom_padding=&#8220;||0px|||&#8220;][et_pb_row _builder_version=&#8220;4.4.0&#8243;][et_pb_column type=&#8220;4_4&#8243; _builder_version=&#8220;3.27.3&#8243;][et_pb_text _builder_version=&#8220;4.9.10&#8243; header_font=&#8220;||||||||&#8220; header_font_size=&#8220;96px&#8220; header_font_tablet=&#8220;&#8220; header_font_phone=&#8220;&#8220; header_font_last_edited=&#8220;on|phone&#8220; header_font_size_tablet=&#8220;60px&#8220; header_font_size_phone=&#8220;42px&#8220; header_font_size_last_edited=&#8220;on|tablet&#8220;]<\/p>\n<h1>KONTAKT<\/h1>\n<p>[\/et_pb_text][\/et_pb_column][\/et_pb_row][et_pb_row column_structure=&#8220;1_2,1_2&#8243; _builder_version=&#8220;4.9.10&#8243; background_enable_color=&#8220;off&#8220; custom_margin=&#8220;40px||||false|false&#8220; custom_padding=&#8220;0px||||false|false&#8220;][et_pb_column type=&#8220;1_2&#8243; _builder_version=&#8220;3.27.3&#8243;][et_pb_image src=&#8220;http:\/\/www.visitczechowice.pl\/wp-content\/uploads\/2021\/08\/na_beskidzkim_szlaku_1.jpg&#8220; title_text=&#8220;na_beskidzkim_szlaku_1&#8243; _builder_version=&#8220;4.9.10&#8243; max_height_tablet=&#8220;200px&#8220; max_height_phone=&#8220;&#8220; max_height_last_edited=&#8220;on|tablet&#8220; custom_margin=&#8220;-40px|||-8vw|false|false&#8220; custom_margin_tablet=&#8220;0px|||0vw|false|false&#8220; custom_margin_phone=&#8220;&#8220; custom_margin_last_edited=&#8220;on|tablet&#8220; scroll_vertical_motion=&#8220;0|50|50|100|2|0|-2&#8243; scroll_vertical_motion_tablet=&#8220;0|50|50|100|0|0|0&#8243; scroll_vertical_motion_phone=&#8220;&#8220; scroll_vertical_motion_last_edited=&#8220;on|tablet&#8220;][\/et_pb_image][\/et_pb_column][et_pb_column type=&#8220;1_2&#8243; _builder_version=&#8220;4.4.0&#8243;][et_pb_text _builder_version=&#8220;4.9.10&#8243; header_font=&#8220;||||||||&#8220; header_4_font=&#8220;Unna|700|||||||&#8220; header_4_font_size=&#8220;30px&#8220; header_4_line_height=&#8220;1.4em&#8220; background__hover_enabled=&#8220;on|desktop&#8220;]<\/p>\n<h4>M\u00e1\u0161 ot\u00e1zku? Pros\u00edm nev\u00e1hajte n\u00e1s kontaktova\u0165<\/h4>\n<p>[\/et_pb_text][et_pb_contact_form captcha=&#8220;off&#8220; _builder_version=&#8220;4.9.10&#8243; form_field_background_color=&#8220;#ffffff&#8220; form_field_font_size=&#8220;16px&#8220; form_field_line_height=&#8220;1.8em&#8220; custom_button=&#8220;on&#8220; button_text_size=&#8220;14px&#8220; button_text_color=&#8220;#ffffff&#8220; button_bg_color=&#8220;#104657&#8243; button_border_color=&#8220;rgba(0,0,0,0)&#8220; button_border_radius=&#8220;0px&#8220; button_letter_spacing=&#8220;4px&#8220; button_font=&#8220;|700||on|||||&#8220; button_icon=&#8220;%%3%%&#8220; button_custom_margin=&#8220;10px||||false|false&#8220; button_custom_padding=&#8220;15px|40px|15px|40px|true|true&#8220; max_width=&#8220;700px&#8220; module_alignment=&#8220;center&#8220; hover_enabled=&#8220;0&#8243; sticky_enabled=&#8220;0&#8243;][et_pb_contact_field field_id=&#8220;Name&#8220; field_title=&#8220;N\u00e1zov&#8220; fullwidth_field=&#8220;on&#8220; _builder_version=&#8220;4.9.10&#8243; hover_enabled=&#8220;0&#8243; button_text_size__hover_enabled=&#8220;off&#8220; button_one_text_size__hover_enabled=&#8220;off&#8220; button_two_text_size__hover_enabled=&#8220;off&#8220; button_text_color__hover_enabled=&#8220;off&#8220; button_one_text_color__hover_enabled=&#8220;off&#8220; button_two_text_color__hover_enabled=&#8220;off&#8220; button_border_width__hover_enabled=&#8220;off&#8220; button_one_border_width__hover_enabled=&#8220;off&#8220; button_two_border_width__hover_enabled=&#8220;off&#8220; button_border_color__hover_enabled=&#8220;off&#8220; button_one_border_color__hover_enabled=&#8220;off&#8220; button_two_border_color__hover_enabled=&#8220;off&#8220; button_border_radius__hover_enabled=&#8220;off&#8220; button_one_border_radius__hover_enabled=&#8220;off&#8220; button_two_border_radius__hover_enabled=&#8220;off&#8220; button_letter_spacing__hover_enabled=&#8220;off&#8220; button_one_letter_spacing__hover_enabled=&#8220;off&#8220; button_two_letter_spacing__hover_enabled=&#8220;off&#8220; button_bg_color__hover_enabled=&#8220;off&#8220; button_one_bg_color__hover_enabled=&#8220;off&#8220; button_two_bg_color__hover_enabled=&#8220;off&#8220; sticky_enabled=&#8220;0&#8243;][\/et_pb_contact_field][et_pb_contact_field field_id=&#8220;Email&#8220; field_title=&#8220;Emailov\u00e1 adresa&#8220; field_type=&#8220;email&#8220; fullwidth_field=&#8220;on&#8220; _builder_version=&#8220;4.9.10&#8243; hover_enabled=&#8220;0&#8243; button_text_size__hover_enabled=&#8220;off&#8220; button_one_text_size__hover_enabled=&#8220;off&#8220; button_two_text_size__hover_enabled=&#8220;off&#8220; button_text_color__hover_enabled=&#8220;off&#8220; button_one_text_color__hover_enabled=&#8220;off&#8220; button_two_text_color__hover_enabled=&#8220;off&#8220; button_border_width__hover_enabled=&#8220;off&#8220; button_one_border_width__hover_enabled=&#8220;off&#8220; button_two_border_width__hover_enabled=&#8220;off&#8220; button_border_color__hover_enabled=&#8220;off&#8220; button_one_border_color__hover_enabled=&#8220;off&#8220; button_two_border_color__hover_enabled=&#8220;off&#8220; button_border_radius__hover_enabled=&#8220;off&#8220; button_one_border_radius__hover_enabled=&#8220;off&#8220; button_two_border_radius__hover_enabled=&#8220;off&#8220; button_letter_spacing__hover_enabled=&#8220;off&#8220; button_one_letter_spacing__hover_enabled=&#8220;off&#8220; button_two_letter_spacing__hover_enabled=&#8220;off&#8220; button_bg_color__hover_enabled=&#8220;off&#8220; button_one_bg_color__hover_enabled=&#8220;off&#8220; button_two_bg_color__hover_enabled=&#8220;off&#8220; sticky_enabled=&#8220;0&#8243;][\/et_pb_contact_field][et_pb_contact_field field_id=&#8220;Message&#8220; field_title=&#8220;Spr\u00e1va&#8220; field_type=&#8220;text&#8220; fullwidth_field=&#8220;on&#8220; _builder_version=&#8220;4.9.10&#8243; hover_enabled=&#8220;0&#8243; button_text_size__hover_enabled=&#8220;off&#8220; button_one_text_size__hover_enabled=&#8220;off&#8220; button_two_text_size__hover_enabled=&#8220;off&#8220; button_text_color__hover_enabled=&#8220;off&#8220; button_one_text_color__hover_enabled=&#8220;off&#8220; button_two_text_color__hover_enabled=&#8220;off&#8220; button_border_width__hover_enabled=&#8220;off&#8220; button_one_border_width__hover_enabled=&#8220;off&#8220; button_two_border_width__hover_enabled=&#8220;off&#8220; button_border_color__hover_enabled=&#8220;off&#8220; button_one_border_color__hover_enabled=&#8220;off&#8220; button_two_border_color__hover_enabled=&#8220;off&#8220; button_border_radius__hover_enabled=&#8220;off&#8220; button_one_border_radius__hover_enabled=&#8220;off&#8220; button_two_border_radius__hover_enabled=&#8220;off&#8220; button_letter_spacing__hover_enabled=&#8220;off&#8220; button_one_letter_spacing__hover_enabled=&#8220;off&#8220; button_two_letter_spacing__hover_enabled=&#8220;off&#8220; button_bg_color__hover_enabled=&#8220;off&#8220; button_one_bg_color__hover_enabled=&#8220;off&#8220; button_two_bg_color__hover_enabled=&#8220;off&#8220; sticky_enabled=&#8220;0&#8243;][\/et_pb_contact_field][et_pb_contact_field field_id=&#8220;Field_4&#8243; field_title=&#8220; &#8220; field_type=&#8220;checkbox&#8220; checkbox_options=&#8220;%91{%22value%22:%22S\u00fahlas\u00edm so spracovan\u00edm mojich osobn\u00fdch \u00fadajov uveden\u00fdch v tomto formul\u00e1ri Subjektom za \u00fa\u010delom z\u00edskania odpovede na polo\u017een\u00fa ot\u00e1zku%22,%22checked%22:0,%22dragID%22:-1}%93&#8243; fullwidth_field=&#8220;on&#8220; _builder_version=&#8220;4.9.10&#8243; _module_preset=&#8220;default&#8220;][\/et_pb_contact_field][\/et_pb_contact_form][\/et_pb_column][\/et_pb_row][\/et_pb_section]<\/p>\n","protected":false},"excerpt":{"rendered":"<p>KONTAKTM\u00e1\u0161 ot\u00e1zku? Pros\u00edm nev\u00e1hajte n\u00e1s kontaktova\u0165<\/p>\n","protected":false},"author":1,"featured_media":0,"parent":0,"menu_order":0,"comment_status":"closed","ping_status":"closed","template":"","meta":{"_et_pb_use_builder":"on","_et_pb_old_content":"[et_pb_section fb_built=\"1\" admin_label=\"Header\" _builder_version=\"3.27.3\" custom_padding=\"||0px|||\" hover_enabled=\"0\" sticky_enabled=\"0\"][et_pb_row _builder_version=\"4.4.0\" hover_enabled=\"0\" sticky_enabled=\"0\"][et_pb_column type=\"4_4\" _builder_version=\"3.27.3\"][et_pb_text _builder_version=\"4.9.10\" header_font=\"||||||||\" header_font_size=\"96px\" header_font_tablet=\"\" header_font_phone=\"\" header_font_last_edited=\"on|phone\" header_font_size_tablet=\"60px\" header_font_size_phone=\"42px\" header_font_size_last_edited=\"on|tablet\"]\n<h1>KONTAKT<\/h1>\n[\/et_pb_text][\/et_pb_column][\/et_pb_row][et_pb_row column_structure=\"1_2,1_2\" _builder_version=\"4.9.10\" background_enable_color=\"off\" custom_margin=\"40px||||false|false\" custom_padding=\"0px||||false|false\" hover_enabled=\"0\" sticky_enabled=\"0\"][et_pb_column type=\"1_2\" _builder_version=\"3.27.3\"][et_pb_image src=\"http:\/\/www.visitczechowice.pl\/wp-content\/uploads\/2021\/08\/na_beskidzkim_szlaku_1.jpg\" title_text=\"na_beskidzkim_szlaku_1\" _builder_version=\"4.9.10\" max_height_tablet=\"200px\" max_height_phone=\"\" max_height_last_edited=\"on|tablet\" custom_margin=\"-40px|||-8vw|false|false\" custom_margin_tablet=\"0px|||0vw|false|false\" custom_margin_phone=\"\" custom_margin_last_edited=\"on|tablet\" scroll_vertical_motion=\"0|50|50|100|2|0|-2\" scroll_vertical_motion_tablet=\"0|50|50|100|0|0|0\" scroll_vertical_motion_phone=\"\" scroll_vertical_motion_last_edited=\"on|tablet\"][\/et_pb_image][\/et_pb_column][et_pb_column type=\"1_2\" _builder_version=\"4.4.0\" hover_enabled=\"0\" sticky_enabled=\"0\"][et_pb_text _builder_version=\"4.9.10\" header_font=\"||||||||\" header_4_font=\"Unna|700|||||||\" header_4_font_size=\"30px\" header_4_line_height=\"1.4em\" hover_enabled=\"0\" background__hover_enabled=\"on|desktop\" sticky_enabled=\"0\"]\n<h4>Masz pytanie? Zapraszamy do kontaktu<\/h4>\n[\/et_pb_text][et_pb_contact_form captcha=\"off\" _builder_version=\"4.9.10\" form_field_background_color=\"#ffffff\" form_field_font_size=\"16px\" form_field_line_height=\"1.8em\" custom_button=\"on\" button_text_size=\"14px\" button_text_color=\"#ffffff\" button_bg_color=\"#104657\" button_border_color=\"rgba(0,0,0,0)\" button_border_radius=\"0px\" button_letter_spacing=\"4px\" button_font=\"|700||on|||||\" button_icon=\"%%3%%\" button_custom_margin=\"10px||||false|false\" button_custom_padding=\"15px|40px|15px|40px|true|true\" max_width=\"700px\" module_alignment=\"center\"][et_pb_contact_field field_id=\"Name\" field_title=\"Imi\u0119\" fullwidth_field=\"on\" _builder_version=\"4.9.10\" button_text_size__hover_enabled=\"off\" button_one_text_size__hover_enabled=\"off\" button_two_text_size__hover_enabled=\"off\" button_text_color__hover_enabled=\"off\" button_one_text_color__hover_enabled=\"off\" button_two_text_color__hover_enabled=\"off\" button_border_width__hover_enabled=\"off\" button_one_border_width__hover_enabled=\"off\" button_two_border_width__hover_enabled=\"off\" button_border_color__hover_enabled=\"off\" button_one_border_color__hover_enabled=\"off\" button_two_border_color__hover_enabled=\"off\" button_border_radius__hover_enabled=\"off\" button_one_border_radius__hover_enabled=\"off\" button_two_border_radius__hover_enabled=\"off\" button_letter_spacing__hover_enabled=\"off\" button_one_letter_spacing__hover_enabled=\"off\" button_two_letter_spacing__hover_enabled=\"off\" button_bg_color__hover_enabled=\"off\" button_one_bg_color__hover_enabled=\"off\" button_two_bg_color__hover_enabled=\"off\"][\/et_pb_contact_field][et_pb_contact_field field_id=\"Email\" field_title=\"Adres email\" field_type=\"email\" fullwidth_field=\"on\" _builder_version=\"4.9.10\" button_text_size__hover_enabled=\"off\" button_one_text_size__hover_enabled=\"off\" button_two_text_size__hover_enabled=\"off\" button_text_color__hover_enabled=\"off\" button_one_text_color__hover_enabled=\"off\" button_two_text_color__hover_enabled=\"off\" button_border_width__hover_enabled=\"off\" button_one_border_width__hover_enabled=\"off\" button_two_border_width__hover_enabled=\"off\" button_border_color__hover_enabled=\"off\" button_one_border_color__hover_enabled=\"off\" button_two_border_color__hover_enabled=\"off\" button_border_radius__hover_enabled=\"off\" button_one_border_radius__hover_enabled=\"off\" button_two_border_radius__hover_enabled=\"off\" button_letter_spacing__hover_enabled=\"off\" button_one_letter_spacing__hover_enabled=\"off\" button_two_letter_spacing__hover_enabled=\"off\" button_bg_color__hover_enabled=\"off\" button_one_bg_color__hover_enabled=\"off\" button_two_bg_color__hover_enabled=\"off\"][\/et_pb_contact_field][et_pb_contact_field field_id=\"Message\" field_title=\"Wiadomo\u015b\u0107\" field_type=\"text\" fullwidth_field=\"on\" _builder_version=\"4.9.10\" button_text_size__hover_enabled=\"off\" button_one_text_size__hover_enabled=\"off\" button_two_text_size__hover_enabled=\"off\" button_text_color__hover_enabled=\"off\" button_one_text_color__hover_enabled=\"off\" button_two_text_color__hover_enabled=\"off\" button_border_width__hover_enabled=\"off\" button_one_border_width__hover_enabled=\"off\" button_two_border_width__hover_enabled=\"off\" button_border_color__hover_enabled=\"off\" button_one_border_color__hover_enabled=\"off\" button_two_border_color__hover_enabled=\"off\" button_border_radius__hover_enabled=\"off\" button_one_border_radius__hover_enabled=\"off\" button_two_border_radius__hover_enabled=\"off\" button_letter_spacing__hover_enabled=\"off\" button_one_letter_spacing__hover_enabled=\"off\" button_two_letter_spacing__hover_enabled=\"off\" button_bg_color__hover_enabled=\"off\" button_one_bg_color__hover_enabled=\"off\" button_two_bg_color__hover_enabled=\"off\"][\/et_pb_contact_field][et_pb_contact_field field_id=\"Field_4\" field_title=\" \" field_type=\"checkbox\" checkbox_options=\"%91{%22value%22:%22 Wyra\u017cam zgod\u0119 na przetwarzanie przez Podmiot moich danych osobowych zawartych w niniejszym formularzu, w celu otrzymania odpowiedzi na zadane pytanie%22,%22checked%22:0,%22dragID%22:-1}%93\" fullwidth_field=\"on\" _builder_version=\"4.9.10\" _module_preset=\"default\"][\/et_pb_contact_field][\/et_pb_contact_form][\/et_pb_column][\/et_pb_row][\/et_pb_section]","_et_gb_content_width":"","footnotes":""},"class_list":["post-589","page","type-page","status-publish","hentry"],"_links":{"self":[{"href":"https:\/\/www.visitczechowice.pl\/sk\/wp-json\/wp\/v2\/pages\/589","targetHints":{"allow":["GET"]}}],"collection":[{"href":"https:\/\/www.visitczechowice.pl\/sk\/wp-json\/wp\/v2\/pages"}],"about":[{"href":"https:\/\/www.visitczechowice.pl\/sk\/wp-json\/wp\/v2\/types\/page"}],"author":[{"embeddable":true,"href":"https:\/\/www.visitczechowice.pl\/sk\/wp-json\/wp\/v2\/users\/1"}],"replies":[{"embeddable":true,"href":"https:\/\/www.visitczechowice.pl\/sk\/wp-json\/wp\/v2\/comments?post=589"}],"version-history":[{"count":4,"href":"https:\/\/www.visitczechowice.pl\/sk\/wp-json\/wp\/v2\/pages\/589\/revisions"}],"predecessor-version":[{"id":626,"href":"https:\/\/www.visitczechowice.pl\/sk\/wp-json\/wp\/v2\/pages\/589\/revisions\/626"}],"wp:attachment":[{"href":"https:\/\/www.visitczechowice.pl\/sk\/wp-json\/wp\/v2\/media?parent=589"}],"curies":[{"name":"wp","href":"https:\/\/api.w.org\/{rel}","templated":true}]}}